{"id":7021,"date":"2022-12-22T15:29:23","date_gmt":"2022-12-22T15:29:23","guid":{"rendered":"https:\/\/ocstesting.mk\/cezanew\/product\/kibela-%d0%ba%d0%b0%d0%ba%d0%b0%d0%be-%d0%b2%d0%be-%d0%bf%d1%80%d0%b0%d0%b2-100%d0%b3-copy\/"},"modified":"2022-12-22T15:31:18","modified_gmt":"2022-12-22T15:31:18","slug":"kibela-%d0%bd%d0%b8%d1%88%d0%b5%d1%81%d1%82%d0%b5-200%d0%b3","status":"publish","type":"product","link":"https:\/\/ceza.ultimait.co.uk\/en\/product\/kibela-%d0%bd%d0%b8%d1%88%d0%b5%d1%81%d1%82%d0%b5-200%d0%b3\/","title":{"rendered":"Kibela cornstrach 200g"},"content":{"rendered":"<p style=\"text-align: center;\"><strong>\u041d\u0423\u0422\u0420\u0418\u0422\u0418\u0412\u041d\u0418 \u0412\u0420\u0415\u0414\u041d\u041e\u0421\u0422\u0418<br \/>\n<\/strong><br \/>\n\u041d\u0443\u0442\u0440\u0438\u0442\u0438\u0432\u043d\u0438 \u0432\u0440\u0435\u0434\u043d\u043e\u0441\u0442\u0438 \u043d\u0430 100g \u043f\u0440\u043e\u0438\u0437\u0432\u043e\u0434:\/Nutrition value per 100g:<br \/>\n\u0415\u043d\u0435\u0440\u0433\u0435\u0442\u0441\u043a\u0430 \u0432\u0440\u0435\u0434\u043d\u043e\u0441\u0442: \/ Energy value: 1500\u043a\u0408\/353kcal<br \/>\n\u041c\u0430\u0441\u0442\u0438 0,1g<br \/>\n\u041e\u0434 \u043a\u043e\u0438 \u0437\u0430\u0441\u0438\u0442\u0435\u043d\u0438 \/of which saturates\/od toga zasi\u0107ene masne kiseline\/od tega nasi\u010dene ma\u0161\u0107obe\/\u043e\u0442 \u043a\u043e\u0438\u0442\u043e \u043d\u0430\u0441\u0438\u0442\u0435\u043d\u0438 \u043c\u0430\u0441\u0442\u043d\u0438 \u043a\u0438\u0441\u0435\u043b\u0438\u043d\u0438\/nga k\u00ebto acide t\u00eb ngopura yndyrore 0g<br \/>\n\u0408\u0430\u0433\u043b\u0435\u0445\u0438\u0434\u0440\u0430\u0442\u0438\/Carbohydrates 88,9g<br \/>\n\u041e\u0434 \u043a\u043e\u0438 \u0448\u0435\u045c\u0435\u0440\/of which sugars\/od toga \u0161e\u010deri\/od tega sladkorji\/\u043e\u0442 \u043a\u043e\u0438\u0442\u043e \u0437\u0430\u0445\u0430\u0440\u0438\/ nga k\u00ebto sheqerna 0g<br \/>\n\u041f\u0440\u043e\u0442\u0435\u0438\u043d\u0438\/Proteins 0,3g<br \/>\n\u0421\u043e\u043b\/salt\/so\/sol\/\u0441\u043e\u043b\/krip\u00eb 0,2g<\/p>","protected":false},"excerpt":{"rendered":"<div class=\"description\">\n<div class=\"description\">\n<div class=\"description\">\u0434\u0435\u043a\u043b\u0430\u0440\u0438\u0440\u0430\u043d\u0430 \u0442\u0435\u0436\u0438\u043d\u0430 \u0442\u0440\u0430\u043d\u0441.: 200g<br \/>\n\u043f\u0430\u043a\u0443\u0432\u0430\u045a\u0435 \u043f\u0430\u0440\u0447\u0438\u045a\u0430 \u0442\u0440\u0430\u043d\u0441.: 40\/1<br \/>\n\u043f\u0430\u043a\u0443\u0432\u0430\u045a\u0435 \u0442\u0435\u0436\u0438\u043d\u0430: 8 kg<\/div>\n<\/div>\n<\/div>","protected":false},"featured_media":7022,"template":"","meta":[],"etheme_brands":[],"product_brand":[],"product_cat":[320],"product_tag":[],"class_list":{"0":"post-7021","1":"product","2":"type-product","3":"status-publish","4":"has-post-thumbnail","6":"product_cat-320","8":"first","9":"instock","10":"product-type-simple"},"_links":{"self":[{"href":"https:\/\/ceza.ultimait.co.uk\/en\/wp-json\/wp\/v2\/product\/7021","targetHints":{"allow":["GET"]}}],"collection":[{"href":"https:\/\/ceza.ultimait.co.uk\/en\/wp-json\/wp\/v2\/product"}],"about":[{"href":"https:\/\/ceza.ultimait.co.uk\/en\/wp-json\/wp\/v2\/types\/product"}],"version-history":[{"count":0,"href":"https:\/\/ceza.ultimait.co.uk\/en\/wp-json\/wp\/v2\/product\/7021\/revisions"}],"wp:featuredmedia":[{"embeddable":true,"href":"https:\/\/ceza.ultimait.co.uk\/en\/wp-json\/wp\/v2\/media\/7022"}],"wp:attachment":[{"href":"https:\/\/ceza.ultimait.co.uk\/en\/wp-json\/wp\/v2\/media?parent=7021"}],"wp:term":[{"taxonomy":"brand","embeddable":true,"href":"https:\/\/ceza.ultimait.co.uk\/en\/wp-json\/wp\/v2\/etheme_brands?post=7021"},{"taxonomy":"product_brand","embeddable":true,"href":"https:\/\/ceza.ultimait.co.uk\/en\/wp-json\/wp\/v2\/product_brand?post=7021"},{"taxonomy":"product_cat","embeddable":true,"href":"https:\/\/ceza.ultimait.co.uk\/en\/wp-json\/wp\/v2\/product_cat?post=7021"},{"taxonomy":"product_tag","embeddable":true,"href":"https:\/\/ceza.ultimait.co.uk\/en\/wp-json\/wp\/v2\/product_tag?post=7021"}],"curies":[{"name":"wp","href":"https:\/\/api.w.org\/{rel}","templated":true}]}}