{"id":6625,"date":"2022-12-21T13:42:52","date_gmt":"2022-12-21T13:42:52","guid":{"rendered":"https:\/\/ocstesting.mk\/cezanew\/product\/kibela-%d0%bf%d1%87%d0%b5%d0%bd%d0%ba%d0%b0%d1%80%d0%bd%d0%be-%d0%b1%d1%80%d0%b0%d1%88%d0%bd%d0%be-500%d0%b3\/"},"modified":"2022-12-21T14:03:34","modified_gmt":"2022-12-21T14:03:34","slug":"kibela-%d0%bf%d1%87%d0%b5%d0%bd%d0%ba%d0%b0%d1%80%d0%bd%d0%be-%d0%b1%d1%80%d0%b0%d1%88%d0%bd%d0%be-500%d0%b3","status":"publish","type":"product","link":"https:\/\/ceza.ultimait.co.uk\/en\/product\/kibela-%d0%bf%d1%87%d0%b5%d0%bd%d0%ba%d0%b0%d1%80%d0%bd%d0%be-%d0%b1%d1%80%d0%b0%d1%88%d0%bd%d0%be-500%d0%b3\/","title":{"rendered":"Kibela cornmeal 500g"},"content":{"rendered":"<h2 style=\"text-align: center;\">\u041d\u0443\u0442\u0440\u0438\u0442\u0438\u0432\u043d\u0438 \u0432\u0440\u0435\u0434\u043d\u043e\u0441\u0442\u0438<\/h2>\n<p style=\"text-align: center;\">\u041d\u0443\u0442\u0440\u0438\u0442\u0438\u0432\u043d\u0438 \u0432\u0440\u0435\u0434\u043d\u043e\u0441\u0442\u0438 \u043d\u0430 100g \u043f\u0440\u043e\u0438\u0437\u0432\u043e\u0434:\/Nutrition value per 100g:<\/p>\n<p style=\"text-align: center;\">\u0415\u043d\u0435\u0440\u0433\u0435\u0442\u0441\u043a\u0430 \u0432\u0440\u0435\u0434\u043d\u043e\u0441\u0442: \/ Energy value: 1535\u043a\u0408\/361kcal<\/p>\n<p style=\"text-align: center;\">\u0408\u0430\u0433\u043b\u0435\u0445\u0438\u0434\u0440\u0430\u0442\u0438\/Carbohydrates 75,7g<\/p>\n<p style=\"text-align: center;\">\u041e\u0434 \u043a\u043e\u0438 \u0448\u0435\u045c\u0435\u0440\/of which sugars\/od toga \u0161e\u010deri\/od tega sladkorji\/\u043e\u0442 \u043a\u043e\u0438\u0442\u043e \u0437\u0430\u0445\u0430\u0440\u0438\/ nga k\u00ebto sheqerna 1,0g<\/p>\n<p style=\"text-align: center;\">\u041e\u0434 \u043a\u043e\u0438 \u0440\u0430\u0441\u0442\u0438\u0442\u0435\u043b\u043d\u0438 \u0432\u043b\u0430\u043a\u043d\u0430\/of which fiber\/ od toga vlakna\/od tega prehranske vlaknine\/ \u043e\u0442 \u043a\u043e\u0438\u0442\u043e \u0444\u0438\u0431\u0440\u0438 \/ nga k\u00ebto fib\u00ebr 7,0g<\/p>\n<p style=\"text-align: center;\">\u041f\u0440\u043e\u0442\u0435\u0438\u043d\u0438\/Proteins 8,3g<\/p>\n<p style=\"text-align: center;\">\u041c\u0430\u0441\u0442\u0438\/Fat 2,8g<\/p>\n<p style=\"text-align: center;\">\u041e\u0434 \u043a\u043e\u0438 \u0437\u0430\u0441\u0438\u0442\u0435\u043d\u0438 \/of which saturates\/od toga zasi\u0107ene masne kiseline\/od tega nasi\u010dene ma\u0161\u0107obe\/\u043e\u0442 \u043a\u043e\u0438\u0442\u043e \u043d\u0430\u0441\u0438\u0442\u0435\u043d\u0438 \u043c\u0430\u0441\u0442\u043d\u0438 \u043a\u0438\u0441\u0435\u043b\u0438\u043d\u0438\/nga k\u00ebto acide t\u00eb ngopura yndyrore 0,5g<\/p>\n<p style=\"text-align: center;\">\u0421\u043e\u043b\/salt\/so\/sol\/\u0441\u043e\u043b\/krip\u00eb 0,01g<\/p>","protected":false},"excerpt":{"rendered":"<div class=\"description\">\n<div class=\"description\">\n<div class=\"description\">\u0434\u0435\u043a\u043b\u0430\u0440\u0438\u0440\u0430\u043d\u0430 \u0442\u0435\u0436\u0438\u043d\u0430 \u0442\u0440\u0430\u043d\u0441.: 500g<br \/>\n\u043f\u0430\u043a\u0443\u0432\u0430\u045a\u0435 \u043f\u0430\u0440\u0447\u0438\u045a\u0430 \u0442\u0440\u0430\u043d\u0441.: 18\/1<br \/>\n\u043f\u0430\u043a\u0443\u0432\u0430\u045a\u0435 \u0442\u0435\u0436\u0438\u043d\u0430: 9 kg<\/div>\n<\/div>\n<\/div>","protected":false},"featured_media":6627,"template":"","meta":[],"etheme_brands":[],"product_brand":[],"product_cat":[299,295],"product_tag":[],"class_list":{"0":"post-6625","1":"product","2":"type-product","3":"status-publish","4":"has-post-thumbnail","6":"product_cat-299","7":"product_cat-295","9":"first","10":"instock","11":"product-type-simple"},"_links":{"self":[{"href":"https:\/\/ceza.ultimait.co.uk\/en\/wp-json\/wp\/v2\/product\/6625","targetHints":{"allow":["GET"]}}],"collection":[{"href":"https:\/\/ceza.ultimait.co.uk\/en\/wp-json\/wp\/v2\/product"}],"about":[{"href":"https:\/\/ceza.ultimait.co.uk\/en\/wp-json\/wp\/v2\/types\/product"}],"version-history":[{"count":0,"href":"https:\/\/ceza.ultimait.co.uk\/en\/wp-json\/wp\/v2\/product\/6625\/revisions"}],"wp:featuredmedia":[{"embeddable":true,"href":"https:\/\/ceza.ultimait.co.uk\/en\/wp-json\/wp\/v2\/media\/6627"}],"wp:attachment":[{"href":"https:\/\/ceza.ultimait.co.uk\/en\/wp-json\/wp\/v2\/media?parent=6625"}],"wp:term":[{"taxonomy":"brand","embeddable":true,"href":"https:\/\/ceza.ultimait.co.uk\/en\/wp-json\/wp\/v2\/etheme_brands?post=6625"},{"taxonomy":"product_brand","embeddable":true,"href":"https:\/\/ceza.ultimait.co.uk\/en\/wp-json\/wp\/v2\/product_brand?post=6625"},{"taxonomy":"product_cat","embeddable":true,"href":"https:\/\/ceza.ultimait.co.uk\/en\/wp-json\/wp\/v2\/product_cat?post=6625"},{"taxonomy":"product_tag","embeddable":true,"href":"https:\/\/ceza.ultimait.co.uk\/en\/wp-json\/wp\/v2\/product_tag?post=6625"}],"curies":[{"name":"wp","href":"https:\/\/api.w.org\/{rel}","templated":true}]}}