{"id":6496,"date":"2022-12-21T13:42:29","date_gmt":"2022-12-21T13:42:29","guid":{"rendered":"https:\/\/ocstesting.mk\/cezanew\/product\/nutini-%d0%b1%d0%b0%d0%b4%d0%b5%d0%bc%d0%b8-%d0%bf%d0%b5%d1%87%d0%b5%d0%bd%d0%b8-50%d0%b3\/"},"modified":"2022-12-21T15:19:59","modified_gmt":"2022-12-21T15:19:59","slug":"nutini-%d0%b1%d0%b0%d0%b4%d0%b5%d0%bc%d0%b8-%d0%bf%d0%b5%d1%87%d0%b5%d0%bd%d0%b8-50%d0%b3","status":"publish","type":"product","link":"https:\/\/ceza.ultimait.co.uk\/en\/product\/nutini-%d0%b1%d0%b0%d0%b4%d0%b5%d0%bc%d0%b8-%d0%bf%d0%b5%d1%87%d0%b5%d0%bd%d0%b8-50%d0%b3\/","title":{"rendered":"Nutini roasted almonds 50g"},"content":{"rendered":"<h2 style=\"text-align: center;\">\u041d\u0443\u0442\u0440\u0438\u0442\u0438\u0432\u043d\u0438 \u0432\u0440\u0435\u0434\u043d\u043e\u0441\u0442\u0438<\/h2>\n<p style=\"text-align: center;\">\u041d\u0443\u0442\u0440\u0438\u0442\u0438\u0432\u043d\u0438 \u0432\u0440\u0435\u0434\u043d\u043e\u0441\u0442\u0438 \u043d\u0430 100g \u043f\u0440\u043e\u0438\u0437\u0432\u043e\u0434:\/Nutrition value per 100g:<\/p>\n<p>\u0415\u043d\u0435\u0440\u0433\u0435\u0442\u0441\u043a\u0430 \u0432\u0440\u0435\u0434\u043d\u043e\u0441\u0442: \/ Energy value: 2606\u043a\u0408\/623kcal<br \/>\n\u041c\u0430\u0441\u0442\u0438\/Fat\/Masti\/Mas\u010dob\/\u041c\u0430\u0437\u043d\u0438\u043d\u0438\/Yndyra: 52,8g<br \/>\n\u041e\u0434 \u043a\u043e\u0438 \u0437\u0430\u0441\u0438\u0442\u0435\u043d\u0438 \/of which saturates\/od toga zasi\u0107ene masne kiseline\/od tega nasi\u010dene ma\u0161\u0107obe\/\u043e\u0442 \u043a\u043e\u0438\u0442\u043e \u043d\u0430\u0441\u0438\u0442\u0435\u043d\u0438 \u043c\u0430\u0441\u0442\u043d\u0438 \u043a\u0438\u0441\u0435\u043b\u0438\u043d\u0438\/nga k\u00ebto acide t\u00eb ngopura yndyrore 4g<br \/>\n\u0408\u0430\u0433\u043b\u0435\u0445\u0438\u0434\u0440\u0430\u0442\u0438\/Carbohydrates\/\u0423\u0433\u0459\u0435\u043d\u043e\u0445\u0438\u0434\u0440\u0430\u0442\u0438\/Ugljenohidrati\/Ugljikohidrati\/\u0412\u044a\u0433\u043b\u0435\u0445\u0438\u0434\u0440\u0430\u0442\u0438\/Karbohidrate: 19g<br \/>\n\u041e\u0434 \u043a\u043e\u0438 \u0448\u0435\u045c\u0435\u0440\/of which sugars\/od toga \u0161e\u010deri\/od tega sladkorji\/\u043e\u0442 \u043a\u043e\u0438\u0442\u043e \u0437\u0430\u0445\u0430\u0440\u0438\/ nga k\u00ebto sheqerna 5g<br \/>\n\u0414\u0438\u0435\u0442\u0430\u043b\u043d\u0438 \u0432\u043b\u0430\u043a\u043d\u0430\/Fiber\/ Dijetalna vlakna\/Dietne vlaknine\/ Fije dietetike 12g<br \/>\n\u041f\u0440\u043e\u0442\u0435\u0438\u043d\u0438\/Proteins 22g<br \/>\n\u0421\u043e\u043b\/salt\/so\/sol\/\u0441\u043e\u043b\/krip\u00eb 1,6g<br \/>\n\u041a\u0430\u043b\u0438\u0443\u043c\/Potassium 746mg<br \/>\nMa\u0433\u043d\u0435\u0437\u0438\u0443\u043c\/Magnesium\/Magnez 286mg<br \/>\n\u0412\u0438\u0442\u0430\u043c\u0438\u043d \u0415\/Vitmin E\/Vitamin\u00eb E 26mg<br \/>\nSOURCE OF VITAMIN E<br \/>\nSOURCE OF POTASIUM<\/p>","protected":false},"excerpt":{"rendered":"<div class=\"description\">\n<div>\u0434\u0435\u043a\u043b\u0430\u0440\u0438\u0440\u0430\u043d\u0430 \u0442\u0435\u0436\u0438\u043d\u0430 \u0442\u0440\u0430\u043d\u0441.: 50g<br \/>\n\u043f\u0430\u043a\u0443\u0432\u0430\u045a\u0435 \u043f\u0430\u0440\u0447\u0438\u045a\u0430 \u0442\u0440\u0430\u043d\u0441.: 16\/1<br \/>\n\u043f\u0430\u043a\u0443\u0432\u0430\u045a\u0435 \u0442\u0435\u0436\u0438\u043d\u0430: 800 g<\/div>\n<\/div>","protected":false},"featured_media":6498,"template":"","meta":[],"etheme_brands":[],"product_brand":[],"product_cat":[275,273],"product_tag":[],"class_list":{"0":"post-6496","1":"product","2":"type-product","3":"status-publish","4":"has-post-thumbnail","6":"product_cat-275","7":"product_cat-273","9":"first","10":"instock","11":"product-type-simple"},"_links":{"self":[{"href":"https:\/\/ceza.ultimait.co.uk\/en\/wp-json\/wp\/v2\/product\/6496","targetHints":{"allow":["GET"]}}],"collection":[{"href":"https:\/\/ceza.ultimait.co.uk\/en\/wp-json\/wp\/v2\/product"}],"about":[{"href":"https:\/\/ceza.ultimait.co.uk\/en\/wp-json\/wp\/v2\/types\/product"}],"version-history":[{"count":0,"href":"https:\/\/ceza.ultimait.co.uk\/en\/wp-json\/wp\/v2\/product\/6496\/revisions"}],"wp:featuredmedia":[{"embeddable":true,"href":"https:\/\/ceza.ultimait.co.uk\/en\/wp-json\/wp\/v2\/media\/6498"}],"wp:attachment":[{"href":"https:\/\/ceza.ultimait.co.uk\/en\/wp-json\/wp\/v2\/media?parent=6496"}],"wp:term":[{"taxonomy":"brand","embeddable":true,"href":"https:\/\/ceza.ultimait.co.uk\/en\/wp-json\/wp\/v2\/etheme_brands?post=6496"},{"taxonomy":"product_brand","embeddable":true,"href":"https:\/\/ceza.ultimait.co.uk\/en\/wp-json\/wp\/v2\/product_brand?post=6496"},{"taxonomy":"product_cat","embeddable":true,"href":"https:\/\/ceza.ultimait.co.uk\/en\/wp-json\/wp\/v2\/product_cat?post=6496"},{"taxonomy":"product_tag","embeddable":true,"href":"https:\/\/ceza.ultimait.co.uk\/en\/wp-json\/wp\/v2\/product_tag?post=6496"}],"curies":[{"name":"wp","href":"https:\/\/api.w.org\/{rel}","templated":true}]}}